{"id":305,"date":"2016-06-28T01:37:06","date_gmt":"2016-06-28T00:37:06","guid":{"rendered":"https:\/\/the7.io\/construction\/?page_id=305"},"modified":"2020-04-07T06:03:12","modified_gmt":"2020-04-07T06:03:12","slug":"news","status":"publish","type":"page","link":"https:\/\/fika-eco.hr\/hr\/news\/","title":{"rendered":"Vijesti"},"content":{"rendered":"<p>[vc_row][vc_column]<style type=\"text\/css\" data-type=\"the7_shortcodes-inline-css\">.blog-shortcode.blog-list-shortcode-id-35bc5b4e958c0b7079fbe5b6452e778b.dividers-on.classic-layout-list article {\n  margin-top: 50px;\n  padding-top: 0;\n}\n.blog-shortcode.blog-list-shortcode-id-35bc5b4e958c0b7079fbe5b6452e778b.dividers-on.classic-layout-list article:first-of-type {\n  margin-top: 0;\n  padding-top: 0;\n}\n.blog-shortcode.blog-list-shortcode-id-35bc5b4e958c0b7079fbe5b6452e778b.classic-layout-list.mode-list .post-thumbnail-wrap {\n  width: 30%;\n}\n.blog-shortcode.blog-list-shortcode-id-35bc5b4e958c0b7079fbe5b6452e778b.classic-layout-list.mode-list .post-entry-content {\n  width: calc(100% - 30%);\n}\n.blog-shortcode.blog-list-shortcode-id-35bc5b4e958c0b7079fbe5b6452e778b.classic-layout-list.mode-list .no-img .post-entry-content {\n  width: 100%;\n}\n.blog-shortcode.blog-list-shortcode-id-35bc5b4e958c0b7079fbe5b6452e778b .filter-bg-decoration .filter-categories a.act {\n  color: #fff;\n}\n.blog-shortcode.blog-list-shortcode-id-35bc5b4e958c0b7079fbe5b6452e778b:not(.mode-masonry) article {\n  margin-top: 50px;\n}\n.blog-shortcode.blog-list-shortcode-id-35bc5b4e958c0b7079fbe5b6452e778b:not(.mode-masonry) article:first-of-type,\n.blog-shortcode.blog-list-shortcode-id-35bc5b4e958c0b7079fbe5b6452e778b:not(.mode-masonry) article.visible.first:not(.product) {\n  margin-top: 0;\n}\n.blog-shortcode.blog-list-shortcode-id-35bc5b4e958c0b7079fbe5b6452e778b.dividers-on:not(.mode-masonry) article {\n  margin-top: 0;\n  padding-top: 50px;\n}\n.blog-shortcode.blog-list-shortcode-id-35bc5b4e958c0b7079fbe5b6452e778b.dividers-on:not(.mode-masonry) article:first-of-type,\n.blog-shortcode.blog-list-shortcode-id-35bc5b4e958c0b7079fbe5b6452e778b.dividers-on:not(.mode-masonry) article.visible.first:not(.product) {\n  margin-top: 0;\n  padding-top: 0;\n}\n.blog-shortcode.blog-list-shortcode-id-35bc5b4e958c0b7079fbe5b6452e778b .post-thumbnail-wrap {\n  padding: 0px 0px 50px 0px;\n}\n.blog-shortcode.blog-list-shortcode-id-35bc5b4e958c0b7079fbe5b6452e778b.enable-bg-rollover .post-thumbnail-rollover:after {\n  background: -webkit-linear-gradient();\n  background: linear-gradient();\n}\n.blog-shortcode.blog-list-shortcode-id-35bc5b4e958c0b7079fbe5b6452e778b .gallery-zoom-ico {\n  width: 44px;\n  height: 44px;\n  line-height: 44px;\n  border-radius: 100px;\n  margin: -22px 0 0 -22px;\n  border-width: 0px;\n  color: #ffffff;\n}\n.bottom-overlap-layout-list.blog-shortcode.blog-list-shortcode-id-35bc5b4e958c0b7079fbe5b6452e778b .gallery-zoom-ico {\n  margin-top: -22px;\n}\n.gradient-overlay-layout-list.blog-shortcode.blog-list-shortcode-id-35bc5b4e958c0b7079fbe5b6452e778b .gallery-zoom-ico,\n.content-rollover-layout-list.blog-shortcode.blog-list-shortcode-id-35bc5b4e958c0b7079fbe5b6452e778b .gallery-zoom-ico {\n  margin: 0 0 10px;\n}\n.content-align-center.gradient-overlay-layout-list.blog-shortcode.blog-list-shortcode-id-35bc5b4e958c0b7079fbe5b6452e778b .gallery-zoom-ico,\n.content-align-center.content-rollover-layout-list.blog-shortcode.blog-list-shortcode-id-35bc5b4e958c0b7079fbe5b6452e778b .gallery-zoom-ico {\n  margin: 0 auto 10px;\n}\n.dt-icon-bg-on.blog-shortcode.blog-list-shortcode-id-35bc5b4e958c0b7079fbe5b6452e778b .gallery-zoom-ico {\n  background: rgba(255,255,255,0.3);\n  box-shadow: none;\n}\n.blog-shortcode.blog-list-shortcode-id-35bc5b4e958c0b7079fbe5b6452e778b .gallery-zoom-ico > span,\n.blog-shortcode.blog-list-shortcode-id-35bc5b4e958c0b7079fbe5b6452e778b .gallery-zoom-ico:before {\n  font-size: 32px;\n  line-height: 44px;\n}\n.blog-shortcode.blog-list-shortcode-id-35bc5b4e958c0b7079fbe5b6452e778b .gallery-zoom-ico > span,\n.blog-shortcode.blog-list-shortcode-id-35bc5b4e958c0b7079fbe5b6452e778b .gallery-zoom-ico:before {\n  color: #ffffff;\n}\n.blog-shortcode.blog-list-shortcode-id-35bc5b4e958c0b7079fbe5b6452e778b .fancy-date a {\n  background: #ffffff;\n  box-shadow: none;\n}\n.blog-shortcode.blog-list-shortcode-id-35bc5b4e958c0b7079fbe5b6452e778b .fancy-date a * {\n  color: #2d2d2d;\n}\n.blog-shortcode.blog-list-shortcode-id-35bc5b4e958c0b7079fbe5b6452e778b .entry-title,\n.blog-shortcode.blog-list-shortcode-id-35bc5b4e958c0b7079fbe5b6452e778b.owl-carousel .entry-title {\n  margin-bottom: 5px;\n  font-weight: bold;\n}\n.blog-shortcode.blog-list-shortcode-id-35bc5b4e958c0b7079fbe5b6452e778b .entry-meta {\n  margin-bottom: 15px;\n}\n.blog-shortcode.blog-list-shortcode-id-35bc5b4e958c0b7079fbe5b6452e778b .portfolio-categories {\n  margin-bottom: 15px;\n}\n.blog-shortcode.blog-list-shortcode-id-35bc5b4e958c0b7079fbe5b6452e778b .entry-excerpt {\n  margin-bottom: 15px;\n}\n.blog-shortcode.blog-list-shortcode-id-35bc5b4e958c0b7079fbe5b6452e778b:not(.centered-layout-list) .post-entry-content {\n  padding: 0px 0px 50px 30px;\n}\n.blog-shortcode.blog-list-shortcode-id-35bc5b4e958c0b7079fbe5b6452e778b:not(.centered-layout-list):not(.content-bg-on):not(.mode-list) .no-img .post-entry-content {\n  padding: 0;\n}\n@media screen and (max-width: 768px) {\n  .blog-shortcode.blog-list-shortcode-id-35bc5b4e958c0b7079fbe5b6452e778b article {\n    -ms-flex-flow: column nowrap;\n    flex-flow: column nowrap;\n    margin-top: 20px;\n  }\n  .blog-shortcode.blog-list-shortcode-id-35bc5b4e958c0b7079fbe5b6452e778b.dividers-on article {\n    border: none;\n  }\n  .blog-shortcode.blog-list-shortcode-id-35bc5b4e958c0b7079fbe5b6452e778b.content-bg-on.centered-layout-list article {\n    padding: 0;\n  }\n  .blog-shortcode.blog-list-shortcode-id-35bc5b4e958c0b7079fbe5b6452e778b.blog-shortcode.dividers-on article,\n  .blog-shortcode.blog-list-shortcode-id-35bc5b4e958c0b7079fbe5b6452e778b.dividers-on.classic-layout-list article {\n    margin-top: 20px;\n    padding: 0;\n  }\n  .blog-shortcode.blog-list-shortcode-id-35bc5b4e958c0b7079fbe5b6452e778b.blog-shortcode.dividers-on article:first-of-type,\n  .blog-shortcode.blog-list-shortcode-id-35bc5b4e958c0b7079fbe5b6452e778b.dividers-on.classic-layout-list article:first-of-type {\n    padding: 0;\n  }\n  #page .blog-shortcode.blog-list-shortcode-id-35bc5b4e958c0b7079fbe5b6452e778b .post-thumbnail-wrap,\n  #page .blog-shortcode.blog-list-shortcode-id-35bc5b4e958c0b7079fbe5b6452e778b .post-entry-content {\n    width: 100%;\n    margin: 0;\n    top: 0;\n  }\n  #page .blog-shortcode.blog-list-shortcode-id-35bc5b4e958c0b7079fbe5b6452e778b .post-thumbnail-wrap {\n    padding: 0;\n  }\n  #page .blog-shortcode.blog-list-shortcode-id-35bc5b4e958c0b7079fbe5b6452e778b .post-entry-content:after {\n    display: none;\n  }\n  #page .blog-shortcode.blog-list-shortcode-id-35bc5b4e958c0b7079fbe5b6452e778b .project-even .post-thumbnail-wrap,\n  #page .blog-shortcode.blog-list-shortcode-id-35bc5b4e958c0b7079fbe5b6452e778b.centered-layout-list .post-thumbnail-wrap {\n    -ms-flex-order: 0;\n    order: 0;\n  }\n  #page .blog-shortcode.blog-list-shortcode-id-35bc5b4e958c0b7079fbe5b6452e778b.centered-layout-list .post-entry-title-content {\n    -ms-flex-order: 1;\n    order: 1;\n    width: 100%;\n    padding: 20px 20px 0;\n  }\n  #page .blog-shortcode.blog-list-shortcode-id-35bc5b4e958c0b7079fbe5b6452e778b.centered-layout-list .post-entry-content {\n    -ms-flex-order: 2;\n    order: 2;\n    padding-top: 0;\n  }\n  #page .blog-shortcode.blog-list-shortcode-id-35bc5b4e958c0b7079fbe5b6452e778b .fancy-categories {\n    top: 10px;\n    left: 10px;\n    bottom: auto;\n    right: auto;\n  }\n  #page .blog-shortcode.blog-list-shortcode-id-35bc5b4e958c0b7079fbe5b6452e778b .fancy-date a {\n    top: 10px;\n    right: 10px;\n    left: auto;\n    bottom: auto;\n  }\n  #page .blog-shortcode.blog-list-shortcode-id-35bc5b4e958c0b7079fbe5b6452e778b .post-entry-content {\n    padding: 20px;\n  }\n  #page .blog-shortcode.blog-list-shortcode-id-35bc5b4e958c0b7079fbe5b6452e778b .entry-title {\n    margin: 3px 0 5px;\n    font-size: 20px;\n    line-height: 26px;\n  }\n  #page .blog-shortcode.blog-list-shortcode-id-35bc5b4e958c0b7079fbe5b6452e778b .entry-meta {\n    margin: 5px 0 5px;\n  }\n  #page .blog-shortcode.blog-list-shortcode-id-35bc5b4e958c0b7079fbe5b6452e778b .entry-excerpt {\n    margin: 15px 0 0;\n  }\n  #page .blog-shortcode.blog-list-shortcode-id-35bc5b4e958c0b7079fbe5b6452e778b .post-details {\n    margin: 5px 0 10px;\n  }\n  #page .blog-shortcode.blog-list-shortcode-id-35bc5b4e958c0b7079fbe5b6452e778b .post-details.details-type-link {\n    margin-bottom: 2px;\n  }\n}<\/style><div class=\"articles-list blog-shortcode mode-list blog-list-shortcode-id-35bc5b4e958c0b7079fbe5b6452e778b classic-layout-list dividers-on jquery-filter dt-icon-bg-off vertical-fancy-style loading-effect-fade-in\" data-cur-page=\"1\" data-post-limit=\"4\" data-pagination-mode=\"pages\" aria-live=\"assertive\"><article class=\"post project-odd visible no-img post-1165 type-post status-publish format-standard hentry category-obrazovanje category-27 description-off\" data-name=\"Ljetna \u0161kola naftnog rudarstva\" data-date=\"2018-06-13T11:18:03+00:00\">\n\n<div class=\"post-entry-content\">\n\n\t<h3 class=\"entry-title\">\n\t\t<a href=\"https:\/\/fika-eco.hr\/hr\/ljetna-skola-naftnog-rudarstva-2\/\" title=\"Ljetna \u0161kola naftnog rudarstva\" rel=\"bookmark\">Ljetna \u0161kola naftnog rudarstva<\/a>\n\t<\/h3>\n\n\t<div class=\"entry-meta\"><span class=\"category-link\"><a href=\"https:\/\/fika-eco.hr\/hr\/category\/obrazovanje\/\" >Obrazovanje<\/a><\/span><a class=\"author vcard\" href=\"https:\/\/fika-eco.hr\/hr\/author\/damir\/\" title=\"View all posts by damir\" rel=\"author\">By <span class=\"fn\">damir<\/span><\/a><a href=\"https:\/\/fika-eco.hr\/hr\/ljetna-skola-naftnog-rudarstva-2\/#respond\" class=\"comment-link\" >Leave a comment<\/a><\/div>\n\t<div class=\"entry-excerpt\"><p>[vc_row][vc_column][vc_column_text]Ljetna \u0161kola naftnog rudarstva (PESS) odr\u017eala se i ove godine u organizaciji\u00a0Rudarsko, geolo\u0161ko, naftnog fakulteta Sveu\u010dili\u0161ta u Zagrebu od 4. do 8. lipnja te od 11. do 15. lipnja 2018. godine u Interuniverzitetskom centru u Dubrovniku.\u00a0Na skupu je sudjelovao zna\u010dajan broj predava\u010da iz Hrvatske, Sjedinjenih Ameri\u010dkih Dr\u017eava, Francuske, Njema\u010dke, Nizozemske, Rusije, \u010ce\u0161ke, Kanade, Bugarske i&hellip;<\/p>\n<\/div>\n\t\n<a href=\"https:\/\/fika-eco.hr\/hr\/ljetna-skola-naftnog-rudarstva-2\/\" class=\"dt-btn-s dt-btn post-details details-type-btn\" aria-label=\"Read more about Ljetna \u0161kola naftnog rudarstva\">Read article<i class=\"dt-icon-the7-arrow-03\" aria-hidden=\"true\"><\/i><\/a>\n\n<\/div><\/article><article class=\"post project-odd visible no-img post-1 type-post status-publish format-standard hentry category-education category-24 description-off\" data-name=\"Petroleum Engineering Summer School in Dubrovnik\" data-date=\"2018-04-25T18:30:16+00:00\">\n\n<div class=\"post-entry-content\">\n\n\t<h3 class=\"entry-title\">\n\t\t<a href=\"https:\/\/fika-eco.hr\/hr\/hello-world\/\" title=\"Petroleum Engineering Summer School in Dubrovnik\" rel=\"bookmark\">Petroleum Engineering Summer School in Dubrovnik<\/a>\n\t<\/h3>\n\n\t<div class=\"entry-meta\"><span class=\"category-link\"><a href=\"https:\/\/fika-eco.hr\/hr\/category\/education\/\" >Education<\/a><\/span><a class=\"author vcard\" href=\"https:\/\/fika-eco.hr\/hr\/author\/admin\/\" title=\"View all posts by admin\" rel=\"author\">By <span class=\"fn\">admin<\/span><\/a><a href=\"https:\/\/fika-eco.hr\/hr\/hello-world\/#respond\" class=\"comment-link\" >Leave a comment<\/a><\/div>\n\t<div class=\"entry-excerpt\"><p>The Petroleum Engineering Summer School (PESS) is organised by the\u00a0Faculty of Mining, Geology &amp; Petroleum Engineering of the University of Zagreb. Topics covered by the PESS are contemporary technical, technological, environmental and economic issues in field of oil &amp; gas industry and energy industry in general. This year, the programme of the 46th Workshop was&hellip;<\/p>\n<\/div>\n\t\n<a href=\"https:\/\/fika-eco.hr\/hr\/hello-world\/\" class=\"dt-btn-s dt-btn post-details details-type-btn\" aria-label=\"Read more about Petroleum Engineering Summer School in Dubrovnik\">Read article<i class=\"dt-icon-the7-arrow-03\" aria-hidden=\"true\"><\/i><\/a>\n\n<\/div><\/article><div class=\"paginator\" role=\"navigation\"><\/div><\/div>[\/vc_column][\/vc_row]<\/p>\n","protected":false},"excerpt":{"rendered":"<p>[vc_row][vc_column][\/vc_column][\/vc_row]<\/p>\n","protected":false},"author":1,"featured_media":0,"parent":0,"menu_order":3,"comment_status":"closed","ping_status":"closed","template":"","meta":{"_monsterinsights_skip_tracking":false,"_monsterinsights_sitenote_active":false,"_monsterinsights_sitenote_note":"","_monsterinsights_sitenote_category":0,"footnotes":""},"class_list":["post-305","page","type-page","status-publish","hentry","description-off"],"translation":{"provider":"WPGlobus","version":"2.12.2","language":"hr","enabled_languages":["en","hr"],"languages":{"en":{"title":true,"content":true,"excerpt":false},"hr":{"title":true,"content":true,"excerpt":false}}},"_links":{"self":[{"href":"https:\/\/fika-eco.hr\/hr\/wp-json\/wp\/v2\/pages\/305","targetHints":{"allow":["GET"]}}],"collection":[{"href":"https:\/\/fika-eco.hr\/hr\/wp-json\/wp\/v2\/pages"}],"about":[{"href":"https:\/\/fika-eco.hr\/hr\/wp-json\/wp\/v2\/types\/page"}],"author":[{"embeddable":true,"href":"https:\/\/fika-eco.hr\/hr\/wp-json\/wp\/v2\/users\/1"}],"replies":[{"embeddable":true,"href":"https:\/\/fika-eco.hr\/hr\/wp-json\/wp\/v2\/comments?post=305"}],"version-history":[{"count":4,"href":"https:\/\/fika-eco.hr\/hr\/wp-json\/wp\/v2\/pages\/305\/revisions"}],"predecessor-version":[{"id":1325,"href":"https:\/\/fika-eco.hr\/hr\/wp-json\/wp\/v2\/pages\/305\/revisions\/1325"}],"wp:attachment":[{"href":"https:\/\/fika-eco.hr\/hr\/wp-json\/wp\/v2\/media?parent=305"}],"curies":[{"name":"wp","href":"https:\/\/api.w.org\/{rel}","templated":true}]}}